{"id":146,"date":"2025-01-03T20:32:40","date_gmt":"2025-01-03T20:32:40","guid":{"rendered":"https:\/\/produccion.jlanoticias.com\/?page_id=146"},"modified":"2025-01-15T01:59:37","modified_gmt":"2025-01-15T01:59:37","slug":"inicio","status":"publish","type":"page","link":"https:\/\/produccion.jlanoticias.com\/","title":{"rendered":"Inicio"},"content":{"rendered":"\t\t<div data-elementor-type=\"wp-page\" data-elementor-id=\"146\" class=\"elementor elementor-146\">\n\t\t\t\t\t\t<section class=\"elementor-section elementor-top-section elementor-element elementor-element-7ade267 elementor-section-boxed elementor-section-height-default elementor-section-height-default\" data-id=\"7ade267\" data-element_type=\"section\">\n\t\t\t\t\t\t<div class=\"elementor-container elementor-column-gap-default\">\n\t\t\t\t\t<div class=\"elementor-column elementor-col-100 elementor-top-column elementor-element elementor-element-e30b013\" data-id=\"e30b013\" data-element_type=\"column\">\n\t\t\t<div class=\"elementor-widget-wrap elementor-element-populated\">\n\t\t\t\t\t\t<div class=\"elementor-element elementor-element-6b93409 elementor-widget elementor-widget-image\" data-id=\"6b93409\" data-element_type=\"widget\" data-widget_type=\"image.default\">\n\t\t\t\t<div class=\"elementor-widget-container\">\n\t\t\t\t\t\t\t\t\t\t\t\t\t<img fetchpriority=\"high\" decoding=\"async\" width=\"1505\" height=\"306\" src=\"https:\/\/produccion.jlanoticias.com\/wp-content\/uploads\/2025\/01\/SUPERIOR-BANER.png\" class=\"attachment-full size-full wp-image-182\" alt=\"\" srcset=\"https:\/\/produccion.jlanoticias.com\/wp-content\/uploads\/2025\/01\/SUPERIOR-BANER.png 1505w, https:\/\/produccion.jlanoticias.com\/wp-content\/uploads\/2025\/01\/SUPERIOR-BANER-300x61.png 300w, https:\/\/produccion.jlanoticias.com\/wp-content\/uploads\/2025\/01\/SUPERIOR-BANER-1024x208.png 1024w, https:\/\/produccion.jlanoticias.com\/wp-content\/uploads\/2025\/01\/SUPERIOR-BANER-768x156.png 768w\" sizes=\"(max-width: 1505px) 100vw, 1505px\" \/>\t\t\t\t\t\t\t\t\t\t\t\t\t<\/div>\n\t\t\t\t<\/div>\n\t\t\t\t\t<\/div>\n\t\t<\/div>\n\t\t\t\t\t<\/div>\n\t\t<\/section>\n\t\t\t\t<section class=\"elementor-section elementor-top-section elementor-element elementor-element-1476940 elementor-section-boxed elementor-section-height-default elementor-section-height-default\" data-id=\"1476940\" data-element_type=\"section\">\n\t\t\t\t\t\t<div class=\"elementor-container elementor-column-gap-default\">\n\t\t\t\t\t<div class=\"elementor-column elementor-col-100 elementor-top-column elementor-element elementor-element-48d5dfa\" data-id=\"48d5dfa\" data-element_type=\"column\">\n\t\t\t<div class=\"elementor-widget-wrap elementor-element-populated\">\n\t\t\t\t\t\t<div class=\"elementor-element elementor-element-1f3eb7b elementor-widget elementor-widget-heading\" data-id=\"1f3eb7b\" data-element_type=\"widget\" data-widget_type=\"heading.default\">\n\t\t\t\t<div class=\"elementor-widget-container\">\n\t\t\t<h1 class=\"elementor-heading-title elementor-size-default\">HISTORIAS QUE RESUENAN<\/h1>\t\t<\/div>\n\t\t\t\t<\/div>\n\t\t\t\t<div class=\"elementor-element elementor-element-1df78f5 elementor-widget elementor-widget-text-editor\" data-id=\"1df78f5\" data-element_type=\"widget\" data-widget_type=\"text-editor.default\">\n\t\t\t\t<div class=\"elementor-widget-container\">\n\t\t\t\t\t\t\t<p>Posicionamiento de marcas, estrategias de impacto, creaci\u00f3n de contenido, manejo de crisis, entrenamiento de medios<\/p>\t\t\t\t\t\t<\/div>\n\t\t\t\t<\/div>\n\t\t\t\t\t<\/div>\n\t\t<\/div>\n\t\t\t\t\t<\/div>\n\t\t<\/section>\n\t\t\t\t<section class=\"elementor-section elementor-top-section elementor-element elementor-element-a4d61ee elementor-section-boxed elementor-section-height-default elementor-section-height-default\" data-id=\"a4d61ee\" data-element_type=\"section\">\n\t\t\t\t\t\t<div class=\"elementor-container elementor-column-gap-default\">\n\t\t\t\t\t<div class=\"elementor-column elementor-col-100 elementor-top-column elementor-element elementor-element-ee26e8c\" data-id=\"ee26e8c\" data-element_type=\"column\">\n\t\t\t<div class=\"elementor-widget-wrap elementor-element-populated\">\n\t\t\t\t\t\t<div class=\"elementor-element elementor-element-d8bfe03 elementor-widget elementor-widget-image\" data-id=\"d8bfe03\" data-element_type=\"widget\" data-widget_type=\"image.default\">\n\t\t\t\t<div class=\"elementor-widget-container\">\n\t\t\t\t\t\t\t\t\t\t\t\t\t<img decoding=\"async\" width=\"1920\" height=\"1080\" src=\"https:\/\/produccion.jlanoticias.com\/wp-content\/uploads\/2025\/01\/CONTAMOS-CON.-1-1.png\" class=\"attachment-full size-full wp-image-199\" alt=\"\" srcset=\"https:\/\/produccion.jlanoticias.com\/wp-content\/uploads\/2025\/01\/CONTAMOS-CON.-1-1.png 1920w, https:\/\/produccion.jlanoticias.com\/wp-content\/uploads\/2025\/01\/CONTAMOS-CON.-1-1-300x169.png 300w, https:\/\/produccion.jlanoticias.com\/wp-content\/uploads\/2025\/01\/CONTAMOS-CON.-1-1-1024x576.png 1024w, https:\/\/produccion.jlanoticias.com\/wp-content\/uploads\/2025\/01\/CONTAMOS-CON.-1-1-768x432.png 768w, https:\/\/produccion.jlanoticias.com\/wp-content\/uploads\/2025\/01\/CONTAMOS-CON.-1-1-1536x864.png 1536w\" sizes=\"(max-width: 1920px) 100vw, 1920px\" \/>\t\t\t\t\t\t\t\t\t\t\t\t\t<\/div>\n\t\t\t\t<\/div>\n\t\t\t\t\t<\/div>\n\t\t<\/div>\n\t\t\t\t\t<\/div>\n\t\t<\/section>\n\t\t\t\t<section class=\"elementor-section elementor-top-section elementor-element elementor-element-0a30c01 elementor-section-boxed elementor-section-height-default elementor-section-height-default\" data-id=\"0a30c01\" data-element_type=\"section\">\n\t\t\t\t\t\t<div class=\"elementor-container elementor-column-gap-default\">\n\t\t\t\t\t<div class=\"elementor-column elementor-col-100 elementor-top-column elementor-element elementor-element-fb9ff50\" data-id=\"fb9ff50\" data-element_type=\"column\">\n\t\t\t<div class=\"elementor-widget-wrap elementor-element-populated\">\n\t\t\t\t\t\t<div class=\"elementor-element elementor-element-74aff0c elementor-widget elementor-widget-heading\" data-id=\"74aff0c\" data-element_type=\"widget\" data-widget_type=\"heading.default\">\n\t\t\t\t<div class=\"elementor-widget-container\">\n\t\t\t<h1 class=\"elementor-heading-title elementor-size-default\">SERVICIOS<\/h1>\t\t<\/div>\n\t\t\t\t<\/div>\n\t\t\t\t\t<\/div>\n\t\t<\/div>\n\t\t\t\t\t<\/div>\n\t\t<\/section>\n\t\t\t\t<section class=\"elementor-section elementor-top-section elementor-element elementor-element-5db86e1 elementor-section-boxed elementor-section-height-default elementor-section-height-default\" data-id=\"5db86e1\" data-element_type=\"section\">\n\t\t\t\t\t\t<div class=\"elementor-container elementor-column-gap-default\">\n\t\t\t\t\t<div class=\"elementor-column elementor-col-100 elementor-top-column elementor-element elementor-element-d930434\" data-id=\"d930434\" data-element_type=\"column\" data-settings=\"{&quot;background_background&quot;:&quot;classic&quot;}\">\n\t\t\t<div class=\"elementor-widget-wrap elementor-element-populated\">\n\t\t\t\t\t\t<section class=\"elementor-section elementor-inner-section elementor-element elementor-element-1ebd761 elementor-section-boxed elementor-section-height-default elementor-section-height-default\" data-id=\"1ebd761\" data-element_type=\"section\">\n\t\t\t\t\t\t<div class=\"elementor-container elementor-column-gap-default\">\n\t\t\t\t\t<div class=\"elementor-column elementor-col-50 elementor-inner-column elementor-element elementor-element-b459848\" data-id=\"b459848\" data-element_type=\"column\" data-settings=\"{&quot;background_background&quot;:&quot;classic&quot;}\">\n\t\t\t<div class=\"elementor-widget-wrap elementor-element-populated\">\n\t\t\t\t\t\t<div class=\"elementor-element elementor-element-cf81913 elementor-widget elementor-widget-text-editor\" data-id=\"cf81913\" data-element_type=\"widget\" data-widget_type=\"text-editor.default\">\n\t\t\t\t<div class=\"elementor-widget-container\">\n\t\t\t\t\t\t\t<p style=\"padding-left: 40px;\"><u>Estrategias de comunicaci\u00f3n<\/u><\/p><ul><li style=\"list-style-type: none;\"><ul><li>Comunicaci\u00f3n externa e interna<\/li><\/ul><\/li><\/ul>\t\t\t\t\t\t<\/div>\n\t\t\t\t<\/div>\n\t\t\t\t\t<\/div>\n\t\t<\/div>\n\t\t\t\t<div class=\"elementor-column elementor-col-50 elementor-inner-column elementor-element elementor-element-9e5d7bc\" data-id=\"9e5d7bc\" data-element_type=\"column\" data-settings=\"{&quot;background_background&quot;:&quot;classic&quot;}\">\n\t\t\t<div class=\"elementor-widget-wrap elementor-element-populated\">\n\t\t\t\t\t\t<div class=\"elementor-element elementor-element-12e12de elementor-widget elementor-widget-text-editor\" data-id=\"12e12de\" data-element_type=\"widget\" data-widget_type=\"text-editor.default\">\n\t\t\t\t<div class=\"elementor-widget-container\">\n\t\t\t\t\t\t\t<p style=\"padding-left: 40px;\"><u>Estrategias de comunicaci\u00f3n<\/u><\/p><ul><li style=\"list-style-type: none;\"><ul><li>Comunicaci\u00f3n externa e interna<\/li><\/ul><\/li><\/ul>\t\t\t\t\t\t<\/div>\n\t\t\t\t<\/div>\n\t\t\t\t\t<\/div>\n\t\t<\/div>\n\t\t\t\t\t<\/div>\n\t\t<\/section>\n\t\t\t\t<section class=\"elementor-section elementor-inner-section elementor-element elementor-element-112885c elementor-reverse-mobile elementor-section-boxed elementor-section-height-default elementor-section-height-default\" data-id=\"112885c\" data-element_type=\"section\">\n\t\t\t\t\t\t<div class=\"elementor-container elementor-column-gap-default\">\n\t\t\t\t\t<div class=\"elementor-column elementor-col-50 elementor-inner-column elementor-element elementor-element-5e562d0\" data-id=\"5e562d0\" data-element_type=\"column\" data-settings=\"{&quot;background_background&quot;:&quot;classic&quot;}\">\n\t\t\t<div class=\"elementor-widget-wrap elementor-element-populated\">\n\t\t\t\t\t\t<div class=\"elementor-element elementor-element-6f7aa92 elementor-widget elementor-widget-text-editor\" data-id=\"6f7aa92\" data-element_type=\"widget\" data-widget_type=\"text-editor.default\">\n\t\t\t\t<div class=\"elementor-widget-container\">\n\t\t\t\t\t\t\t<p style=\"padding-left: 40px;\">\u00a0<u>Story making<\/u><\/p><ul><li style=\"list-style-type: none;\"><ul><li>Productos editoriales dirigidos a diferentes audiencias<\/li><li>Contenido multiplataforma y multiformato.<\/li><\/ul><\/li><\/ul>\t\t\t\t\t\t<\/div>\n\t\t\t\t<\/div>\n\t\t\t\t\t<\/div>\n\t\t<\/div>\n\t\t\t\t<div class=\"elementor-column elementor-col-50 elementor-inner-column elementor-element elementor-element-98e5ebd\" data-id=\"98e5ebd\" data-element_type=\"column\" data-settings=\"{&quot;background_background&quot;:&quot;classic&quot;}\">\n\t\t\t<div class=\"elementor-widget-wrap elementor-element-populated\">\n\t\t\t\t\t\t<div class=\"elementor-element elementor-element-649defa elementor-widget elementor-widget-text-editor\" data-id=\"649defa\" data-element_type=\"widget\" data-widget_type=\"text-editor.default\">\n\t\t\t\t<div class=\"elementor-widget-container\">\n\t\t\t\t\t\t\t<p style=\"padding-left: 40px;\">\u00a0<u>Story making<\/u><\/p><ul><li style=\"list-style-type: none;\"><ul><li>Productos editoriales dirigidos a diferentes audiencias<\/li><li>Contenido multiplataforma y multiformato.<\/li><\/ul><\/li><\/ul>\t\t\t\t\t\t<\/div>\n\t\t\t\t<\/div>\n\t\t\t\t\t<\/div>\n\t\t<\/div>\n\t\t\t\t\t<\/div>\n\t\t<\/section>\n\t\t\t\t<section class=\"elementor-section elementor-inner-section elementor-element elementor-element-5d4142e elementor-section-boxed elementor-section-height-default elementor-section-height-default\" data-id=\"5d4142e\" data-element_type=\"section\">\n\t\t\t\t\t\t<div class=\"elementor-container elementor-column-gap-default\">\n\t\t\t\t\t<div class=\"elementor-column elementor-col-50 elementor-inner-column elementor-element elementor-element-a46ea55\" data-id=\"a46ea55\" data-element_type=\"column\" data-settings=\"{&quot;background_background&quot;:&quot;classic&quot;}\">\n\t\t\t<div class=\"elementor-widget-wrap elementor-element-populated\">\n\t\t\t\t\t\t<div class=\"elementor-element elementor-element-fe00b20 elementor-widget elementor-widget-text-editor\" data-id=\"fe00b20\" data-element_type=\"widget\" data-widget_type=\"text-editor.default\">\n\t\t\t\t<div class=\"elementor-widget-container\">\n\t\t\t\t\t\t\t<p style=\"padding-left: 40px;\"><u>Marketing communications<\/u><\/p><ul><li style=\"list-style-type: none;\"><ul><li>Lanzamiento de productos<\/li><li>Posicionamiento de marcas<\/li><\/ul><\/li><\/ul>\t\t\t\t\t\t<\/div>\n\t\t\t\t<\/div>\n\t\t\t\t\t<\/div>\n\t\t<\/div>\n\t\t\t\t<div class=\"elementor-column elementor-col-50 elementor-inner-column elementor-element elementor-element-8bcf61a\" data-id=\"8bcf61a\" data-element_type=\"column\" data-settings=\"{&quot;background_background&quot;:&quot;classic&quot;}\">\n\t\t\t<div class=\"elementor-widget-wrap elementor-element-populated\">\n\t\t\t\t\t\t<div class=\"elementor-element elementor-element-c8b8a2d elementor-widget elementor-widget-text-editor\" data-id=\"c8b8a2d\" data-element_type=\"widget\" data-widget_type=\"text-editor.default\">\n\t\t\t\t<div class=\"elementor-widget-container\">\n\t\t\t\t\t\t\t<p style=\"padding-left: 40px;\"><u>Marketing communications<\/u><\/p><ul><li style=\"list-style-type: none;\"><ul><li>Lanzamiento de productos<\/li><li>Posicionamiento de marcas<\/li><\/ul><\/li><\/ul>\t\t\t\t\t\t<\/div>\n\t\t\t\t<\/div>\n\t\t\t\t\t<\/div>\n\t\t<\/div>\n\t\t\t\t\t<\/div>\n\t\t<\/section>\n\t\t\t\t<section class=\"elementor-section elementor-inner-section elementor-element elementor-element-8ba7c87 elementor-reverse-mobile elementor-section-boxed elementor-section-height-default elementor-section-height-default\" data-id=\"8ba7c87\" data-element_type=\"section\">\n\t\t\t\t\t\t<div class=\"elementor-container elementor-column-gap-default\">\n\t\t\t\t\t<div class=\"elementor-column elementor-col-50 elementor-inner-column elementor-element elementor-element-e9368f6\" data-id=\"e9368f6\" data-element_type=\"column\" data-settings=\"{&quot;background_background&quot;:&quot;classic&quot;}\">\n\t\t\t<div class=\"elementor-widget-wrap elementor-element-populated\">\n\t\t\t\t\t\t<div class=\"elementor-element elementor-element-3ccf247 elementor-widget elementor-widget-text-editor\" data-id=\"3ccf247\" data-element_type=\"widget\" data-widget_type=\"text-editor.default\">\n\t\t\t\t<div class=\"elementor-widget-container\">\n\t\t\t\t\t\t\t<p style=\"padding-left: 40px;\"><u>Prevenci\u00f3n y manejo de crisis<\/u><\/p><ul><li style=\"list-style-type: none;\"><ul><li>Estrategias de manejo de crisis<\/li><li>Manuelas de prevenci\u00f3n de crisis<\/li><li>Desarrollo de simulacros<\/li><li>Media training enfocado a crisis<\/li><li>Monitoreo y an\u00e1lisis de riesgos<\/li><\/ul><\/li><\/ul>\t\t\t\t\t\t<\/div>\n\t\t\t\t<\/div>\n\t\t\t\t\t<\/div>\n\t\t<\/div>\n\t\t\t\t<div class=\"elementor-column elementor-col-50 elementor-inner-column elementor-element elementor-element-55f9211\" data-id=\"55f9211\" data-element_type=\"column\" data-settings=\"{&quot;background_background&quot;:&quot;classic&quot;}\">\n\t\t\t<div class=\"elementor-widget-wrap elementor-element-populated\">\n\t\t\t\t\t\t<div class=\"elementor-element elementor-element-54a2486 elementor-widget elementor-widget-text-editor\" data-id=\"54a2486\" data-element_type=\"widget\" data-widget_type=\"text-editor.default\">\n\t\t\t\t<div class=\"elementor-widget-container\">\n\t\t\t\t\t\t\t<p style=\"padding-left: 40px;\"><u>Prevenci\u00f3n y manejo de crisis<\/u><\/p><ul><li style=\"list-style-type: none;\"><ul><li>Estrategias de manejo de crisis<\/li><li>Manuelas de prevenci\u00f3n de crisis<\/li><li>Desarrollo de simulacros<\/li><li>Media training enfocado a crisis<\/li><li>Monitoreo y an\u00e1lisis de riesgos<\/li><\/ul><\/li><\/ul>\t\t\t\t\t\t<\/div>\n\t\t\t\t<\/div>\n\t\t\t\t\t<\/div>\n\t\t<\/div>\n\t\t\t\t\t<\/div>\n\t\t<\/section>\n\t\t\t\t<section class=\"elementor-section elementor-inner-section elementor-element elementor-element-6ab5848 elementor-section-boxed elementor-section-height-default elementor-section-height-default\" data-id=\"6ab5848\" data-element_type=\"section\">\n\t\t\t\t\t\t<div class=\"elementor-container elementor-column-gap-default\">\n\t\t\t\t\t<div class=\"elementor-column elementor-col-50 elementor-inner-column elementor-element elementor-element-56a71f6\" data-id=\"56a71f6\" data-element_type=\"column\" data-settings=\"{&quot;background_background&quot;:&quot;classic&quot;}\">\n\t\t\t<div class=\"elementor-widget-wrap elementor-element-populated\">\n\t\t\t\t\t\t<div class=\"elementor-element elementor-element-d320cdd elementor-widget elementor-widget-text-editor\" data-id=\"d320cdd\" data-element_type=\"widget\" data-widget_type=\"text-editor.default\">\n\t\t\t\t<div class=\"elementor-widget-container\">\n\t\t\t\t\t\t\t<p style=\"padding-left: 40px;\"><u>Engagement social<\/u><\/p><ul><li style=\"list-style-type: none;\"><ul><li>Estrategias de comunicaci\u00f3n digital<\/li><li>Estrategias de impacto con creadores de contenido digital<\/li><\/ul><\/li><\/ul>\t\t\t\t\t\t<\/div>\n\t\t\t\t<\/div>\n\t\t\t\t\t<\/div>\n\t\t<\/div>\n\t\t\t\t<div class=\"elementor-column elementor-col-50 elementor-inner-column elementor-element elementor-element-b545006\" data-id=\"b545006\" data-element_type=\"column\" data-settings=\"{&quot;background_background&quot;:&quot;classic&quot;}\">\n\t\t\t<div class=\"elementor-widget-wrap elementor-element-populated\">\n\t\t\t\t\t\t<div class=\"elementor-element elementor-element-75d8bb0 elementor-widget elementor-widget-text-editor\" data-id=\"75d8bb0\" data-element_type=\"widget\" data-widget_type=\"text-editor.default\">\n\t\t\t\t<div class=\"elementor-widget-container\">\n\t\t\t\t\t\t\t<p style=\"padding-left: 40px;\"><u>Engagement social<\/u><\/p><ul><li style=\"list-style-type: none;\"><ul><li>Estrategias de comunicaci\u00f3n digital<\/li><li>Estrategias de impacto con creadores de contenido digital<\/li><\/ul><\/li><\/ul>\t\t\t\t\t\t<\/div>\n\t\t\t\t<\/div>\n\t\t\t\t\t<\/div>\n\t\t<\/div>\n\t\t\t\t\t<\/div>\n\t\t<\/section>\n\t\t\t\t<section class=\"elementor-section elementor-inner-section elementor-element elementor-element-4e8a9b6 elementor-reverse-mobile elementor-section-boxed elementor-section-height-default elementor-section-height-default\" data-id=\"4e8a9b6\" data-element_type=\"section\">\n\t\t\t\t\t\t<div class=\"elementor-container elementor-column-gap-default\">\n\t\t\t\t\t<div class=\"elementor-column elementor-col-50 elementor-inner-column elementor-element elementor-element-b6db58a\" data-id=\"b6db58a\" data-element_type=\"column\" data-settings=\"{&quot;background_background&quot;:&quot;classic&quot;}\">\n\t\t\t<div class=\"elementor-widget-wrap elementor-element-populated\">\n\t\t\t\t\t\t<div class=\"elementor-element elementor-element-1cb1b91 elementor-widget elementor-widget-text-editor\" data-id=\"1cb1b91\" data-element_type=\"widget\" data-widget_type=\"text-editor.default\">\n\t\t\t\t<div class=\"elementor-widget-container\">\n\t\t\t\t\t\t\t<p style=\"padding-left: 40px;\"><u>Comunicaci\u00f3n de la alta direcci\u00f3n<\/u><\/p><ul><li style=\"list-style-type: none;\"><ul><li>Entrenamiento de medios<\/li><li>Taller de habilidades para hablar en p\u00fablico<\/li><li>Coaching ejecutivo<\/li><\/ul><\/li><\/ul>\t\t\t\t\t\t<\/div>\n\t\t\t\t<\/div>\n\t\t\t\t\t<\/div>\n\t\t<\/div>\n\t\t\t\t<div class=\"elementor-column elementor-col-50 elementor-inner-column elementor-element elementor-element-4cb3a15\" data-id=\"4cb3a15\" data-element_type=\"column\" data-settings=\"{&quot;background_background&quot;:&quot;classic&quot;}\">\n\t\t\t<div class=\"elementor-widget-wrap elementor-element-populated\">\n\t\t\t\t\t\t<div class=\"elementor-element elementor-element-89b0c52 elementor-widget elementor-widget-text-editor\" data-id=\"89b0c52\" data-element_type=\"widget\" data-widget_type=\"text-editor.default\">\n\t\t\t\t<div class=\"elementor-widget-container\">\n\t\t\t\t\t\t\t<p style=\"padding-left: 40px;\"><u>Comunicaci\u00f3n de la alta direcci\u00f3n<\/u><\/p><ul><li style=\"list-style-type: none;\"><ul><li>Entrenamiento de medios<\/li><li>Taller de habilidades para hablar en p\u00fablico<\/li><li>Coaching ejecutivo<\/li><\/ul><\/li><\/ul>\t\t\t\t\t\t<\/div>\n\t\t\t\t<\/div>\n\t\t\t\t\t<\/div>\n\t\t<\/div>\n\t\t\t\t\t<\/div>\n\t\t<\/section>\n\t\t\t\t\t<\/div>\n\t\t<\/div>\n\t\t\t\t\t<\/div>\n\t\t<\/section>\n\t\t\t\t<section class=\"elementor-section elementor-top-section elementor-element elementor-element-24013a5 elementor-section-boxed elementor-section-height-default elementor-section-height-default\" data-id=\"24013a5\" data-element_type=\"section\">\n\t\t\t\t\t\t<div class=\"elementor-container elementor-column-gap-default\">\n\t\t\t\t\t<div class=\"elementor-column elementor-col-100 elementor-top-column elementor-element elementor-element-a0d9462\" data-id=\"a0d9462\" data-element_type=\"column\">\n\t\t\t<div class=\"elementor-widget-wrap elementor-element-populated\">\n\t\t\t\t\t\t<div class=\"elementor-element elementor-element-fa838d2 elementor-widget elementor-widget-image\" data-id=\"fa838d2\" data-element_type=\"widget\" data-widget_type=\"image.default\">\n\t\t\t\t<div class=\"elementor-widget-container\">\n\t\t\t\t\t\t\t\t\t\t\t\t\t<img decoding=\"async\" width=\"1920\" height=\"1080\" src=\"https:\/\/produccion.jlanoticias.com\/wp-content\/uploads\/2025\/01\/CUENTANOS-TU-NECESIDAD.png\" class=\"attachment-full size-full wp-image-156\" alt=\"\" srcset=\"https:\/\/produccion.jlanoticias.com\/wp-content\/uploads\/2025\/01\/CUENTANOS-TU-NECESIDAD.png 1920w, https:\/\/produccion.jlanoticias.com\/wp-content\/uploads\/2025\/01\/CUENTANOS-TU-NECESIDAD-300x169.png 300w, https:\/\/produccion.jlanoticias.com\/wp-content\/uploads\/2025\/01\/CUENTANOS-TU-NECESIDAD-1024x576.png 1024w, https:\/\/produccion.jlanoticias.com\/wp-content\/uploads\/2025\/01\/CUENTANOS-TU-NECESIDAD-768x432.png 768w, https:\/\/produccion.jlanoticias.com\/wp-content\/uploads\/2025\/01\/CUENTANOS-TU-NECESIDAD-1536x864.png 1536w\" sizes=\"(max-width: 1920px) 100vw, 1920px\" \/>\t\t\t\t\t\t\t\t\t\t\t\t\t<\/div>\n\t\t\t\t<\/div>\n\t\t\t\t\t<\/div>\n\t\t<\/div>\n\t\t\t\t\t<\/div>\n\t\t<\/section>\n\t\t\t\t<section class=\"elementor-section elementor-top-section elementor-element elementor-element-48f2474 elementor-section-boxed elementor-section-height-default elementor-section-height-default\" data-id=\"48f2474\" data-element_type=\"section\">\n\t\t\t\t\t\t<div class=\"elementor-container elementor-column-gap-default\">\n\t\t\t\t\t<div class=\"elementor-column elementor-col-100 elementor-top-column elementor-element elementor-element-e3512f6\" data-id=\"e3512f6\" data-element_type=\"column\">\n\t\t\t<div class=\"elementor-widget-wrap elementor-element-populated\">\n\t\t\t\t\t\t<div class=\"elementor-element elementor-element-02daf3d elementor-widget elementor-widget-theme-site-logo elementor-widget-image\" data-id=\"02daf3d\" data-element_type=\"widget\" data-widget_type=\"theme-site-logo.default\">\n\t\t\t\t<div class=\"elementor-widget-container\">\n\t\t\t\t\t\t\t\t\t\t\t\t\t\t<a href=\"https:\/\/produccion.jlanoticias.com\">\n\t\t\t\t\t\t\t<img loading=\"lazy\" decoding=\"async\" width=\"150\" height=\"150\" src=\"https:\/\/produccion.jlanoticias.com\/wp-content\/uploads\/2024\/11\/LOGO-JLA-PRODUCCIONES-1-150x150.png\" class=\"attachment-thumbnail size-thumbnail wp-image-170\" alt=\"\" \/>\t\t\t\t\t\t\t\t<\/a>\n\t\t\t\t\t\t\t\t\t\t\t\t\t<\/div>\n\t\t\t\t<\/div>\n\t\t\t\t<div class=\"elementor-element elementor-element-62bb125 elementor-widget elementor-widget-heading\" data-id=\"62bb125\" data-element_type=\"widget\" data-widget_type=\"heading.default\">\n\t\t\t\t<div class=\"elementor-widget-container\">\n\t\t\t<h3 class=\"elementor-heading-title elementor-size-default\">Contacto<\/h3>\t\t<\/div>\n\t\t\t\t<\/div>\n\t\t\t\t<div class=\"elementor-element elementor-element-946ae1c elementor-widget elementor-widget-text-editor\" data-id=\"946ae1c\" data-element_type=\"widget\" data-widget_type=\"text-editor.default\">\n\t\t\t\t<div class=\"elementor-widget-container\">\n\t\t\t\t\t\t\t<p><a href=\"mailto:produccion@jlanoticias.com\">produccion@jlanoticias.com<\/a><\/p><p>Tel. WhatsApp <a href=\"https:\/\/wa.me\/525562104296?text=Necesito%20informaci%C3%B3n%20de%20Producciones%20JLA\">55 6210 4296<\/a><\/p>\t\t\t\t\t\t<\/div>\n\t\t\t\t<\/div>\n\t\t\t\t\t<\/div>\n\t\t<\/div>\n\t\t\t\t\t<\/div>\n\t\t<\/section>\n\t\t\t\t<section class=\"elementor-section elementor-top-section elementor-element elementor-element-fd24c6e elementor-section-boxed elementor-section-height-default elementor-section-height-default\" data-id=\"fd24c6e\" data-element_type=\"section\">\n\t\t\t\t\t\t<div class=\"elementor-container elementor-column-gap-default\">\n\t\t\t\t\t<div class=\"elementor-column elementor-col-100 elementor-top-column elementor-element elementor-element-2e25296\" data-id=\"2e25296\" data-element_type=\"column\">\n\t\t\t<div class=\"elementor-widget-wrap elementor-element-populated\">\n\t\t\t\t\t\t<div class=\"elementor-element elementor-element-5a8ce6a elementor-widget elementor-widget-image\" data-id=\"5a8ce6a\" data-element_type=\"widget\" data-widget_type=\"image.default\">\n\t\t\t\t<div class=\"elementor-widget-container\">\n\t\t\t\t\t\t\t\t\t\t\t\t\t<img loading=\"lazy\" decoding=\"async\" width=\"1505\" height=\"306\" src=\"https:\/\/produccion.jlanoticias.com\/wp-content\/uploads\/2025\/01\/INFERIOR-BANER.png\" class=\"attachment-full size-full wp-image-191\" alt=\"\" srcset=\"https:\/\/produccion.jlanoticias.com\/wp-content\/uploads\/2025\/01\/INFERIOR-BANER.png 1505w, https:\/\/produccion.jlanoticias.com\/wp-content\/uploads\/2025\/01\/INFERIOR-BANER-300x61.png 300w, https:\/\/produccion.jlanoticias.com\/wp-content\/uploads\/2025\/01\/INFERIOR-BANER-1024x208.png 1024w, https:\/\/produccion.jlanoticias.com\/wp-content\/uploads\/2025\/01\/INFERIOR-BANER-768x156.png 768w\" sizes=\"(max-width: 1505px) 100vw, 1505px\" \/>\t\t\t\t\t\t\t\t\t\t\t\t\t<\/div>\n\t\t\t\t<\/div>\n\t\t\t\t\t<\/div>\n\t\t<\/div>\n\t\t\t\t\t<\/div>\n\t\t<\/section>\n\t\t\t\t<\/div>\n\t\t","protected":false},"excerpt":{"rendered":"<p>HISTORIAS QUE RESUENAN Posicionamiento de marcas, estrategias de impacto, creaci\u00f3n de contenido, manejo de crisis, entrenamiento de medios SERVICIOS Estrategias de comunicaci\u00f3n Comunicaci\u00f3n externa e interna Estrategias de comunicaci\u00f3n Comunicaci\u00f3n externa e interna \u00a0Story making Productos editoriales dirigidos a diferentes audiencias Contenido multiplataforma y multiformato. \u00a0Story making Productos editoriales dirigidos a diferentes audiencias Contenido multiplataforma [&hellip;]<\/p>\n","protected":false},"author":2,"featured_media":0,"parent":0,"menu_order":0,"comment_status":"closed","ping_status":"closed","template":"elementor_canvas","meta":{"footnotes":""},"class_list":["post-146","page","type-page","status-publish","hentry"],"_links":{"self":[{"href":"https:\/\/produccion.jlanoticias.com\/index.php\/wp-json\/wp\/v2\/pages\/146","targetHints":{"allow":["GET"]}}],"collection":[{"href":"https:\/\/produccion.jlanoticias.com\/index.php\/wp-json\/wp\/v2\/pages"}],"about":[{"href":"https:\/\/produccion.jlanoticias.com\/index.php\/wp-json\/wp\/v2\/types\/page"}],"author":[{"embeddable":true,"href":"https:\/\/produccion.jlanoticias.com\/index.php\/wp-json\/wp\/v2\/users\/2"}],"replies":[{"embeddable":true,"href":"https:\/\/produccion.jlanoticias.com\/index.php\/wp-json\/wp\/v2\/comments?post=146"}],"version-history":[{"count":58,"href":"https:\/\/produccion.jlanoticias.com\/index.php\/wp-json\/wp\/v2\/pages\/146\/revisions"}],"predecessor-version":[{"id":238,"href":"https:\/\/produccion.jlanoticias.com\/index.php\/wp-json\/wp\/v2\/pages\/146\/revisions\/238"}],"wp:attachment":[{"href":"https:\/\/produccion.jlanoticias.com\/index.php\/wp-json\/wp\/v2\/media?parent=146"}],"curies":[{"name":"wp","href":"https:\/\/api.w.org\/{rel}","templated":true}]}}